{"id":451,"date":"2019-04-23T12:40:00","date_gmt":"2019-04-23T10:40:00","guid":{"rendered":"http:\/\/n.itotech.it\/?post_type=product&#038;p=451"},"modified":"2025-04-22T17:08:03","modified_gmt":"2025-04-22T15:08:03","slug":"zebra-ds2278-cordless","status":"publish","type":"product","link":"https:\/\/www.itotech.it\/index.php\/prodotto\/zebra-ds2278-cordless","title":{"rendered":"Zebra DS2278 Cordless BT, 2D, USB"},"content":{"rendered":"<p>I codici a barre 2D hanno fatto il loro ingresso nei punti vendita (POS), comparendo su qualsiasi cosa, dagli articoli acquistati dai clienti ai coupon cartacei ed elettronici e alle carte fedelt\u00e0. Gli scanner 1D non sono in grado di acquisire i nuovi codici 2D, causando anomalie che rallentano il processo di pagamento e frustrano i clienti in quell&#8217;ultimo punto di contatto personale chiave nel negozio. Ma con la serie Zebra DS2200, i rivenditori possono scansionare tutto.<\/p>\n<p>La serie DS2200 \u00e8 un imager 1D\/2D conveniente che non scende a compromessi in termini di prestazioni o funzionalit\u00e0 a causa del prezzo. Gli utenti possono scegliere il modello pi\u00f9 adatto alle loro esigenze POS: il DS2208 cablato o il DS2278 cordless. La serie DS2200 offre convenienza con la semplicit\u00e0 di implementazione, utilizzo e gestione che le aziende richiedono.<\/p>\n","protected":false},"excerpt":{"rendered":"<p>Scanner barcode 2D senza fili con tecnologia Bluetooth, ideale per punti vendita e ambienti retail. Il DS2278 legge codici a barre 1D e 2D sia da etichette cartacee che da schermi digitali, offrendo alta velocit\u00e0 e precisione. Grazie alla connessione USB e alla base di ricarica inclusa, garantisce mobilit\u00e0 e continuit\u00e0 operativa. Facile da configurare, robusto e intuitivo, \u00e8 perfetto per migliorare l&#8217;efficienza alla cassa o in magazzino.<\/p>\n","protected":false},"featured_media":487,"template":"","meta":[],"product_brand":[],"product_cat":[39,28,29],"product_tag":[],"class_list":{"0":"post-451","1":"product","2":"type-product","3":"status-publish","4":"has-post-thumbnail","6":"product_cat-lettori","7":"product_cat-lettori_codice_a_barre","8":"product_cat-portabile","10":"first","11":"instock","12":"shipping-taxable","13":"product-type-simple"},"_links":{"self":[{"href":"https:\/\/www.itotech.it\/index.php\/wp-json\/wp\/v2\/product\/451","targetHints":{"allow":["GET"]}}],"collection":[{"href":"https:\/\/www.itotech.it\/index.php\/wp-json\/wp\/v2\/product"}],"about":[{"href":"https:\/\/www.itotech.it\/index.php\/wp-json\/wp\/v2\/types\/product"}],"version-history":[{"count":1,"href":"https:\/\/www.itotech.it\/index.php\/wp-json\/wp\/v2\/product\/451\/revisions"}],"predecessor-version":[{"id":1645,"href":"https:\/\/www.itotech.it\/index.php\/wp-json\/wp\/v2\/product\/451\/revisions\/1645"}],"wp:featuredmedia":[{"embeddable":true,"href":"https:\/\/www.itotech.it\/index.php\/wp-json\/wp\/v2\/media\/487"}],"wp:attachment":[{"href":"https:\/\/www.itotech.it\/index.php\/wp-json\/wp\/v2\/media?parent=451"}],"wp:term":[{"taxonomy":"product_brand","embeddable":true,"href":"https:\/\/www.itotech.it\/index.php\/wp-json\/wp\/v2\/product_brand?post=451"},{"taxonomy":"product_cat","embeddable":true,"href":"https:\/\/www.itotech.it\/index.php\/wp-json\/wp\/v2\/product_cat?post=451"},{"taxonomy":"product_tag","embeddable":true,"href":"https:\/\/www.itotech.it\/index.php\/wp-json\/wp\/v2\/product_tag?post=451"}],"curies":[{"name":"wp","href":"https:\/\/api.w.org\/{rel}","templated":true}]}}