{"id":402,"date":"2019-04-23T11:08:53","date_gmt":"2019-04-23T09:08:53","guid":{"rendered":"http:\/\/n.itotech.it\/?post_type=product&#038;p=402"},"modified":"2019-12-04T16:03:46","modified_gmt":"2019-12-04T15:03:46","slug":"dell-vostro-3470","status":"publish","type":"product","link":"https:\/\/www.itotech.it\/index.php\/prodotto\/dell-vostro-3470","title":{"rendered":"Dell Vostro 3470"},"content":{"rendered":"<div class=\"h2 cf-margin-bottom-10\">Sistema operativo<\/div>\n<div class=\"cf-f-item-desc\">\n<p><strong>Disponibile con Windows 10<\/strong>\u00a0<strong>Pro for Workstations<\/strong>\u00a0per un&#8217;esperienza positiva e versatile con il PC.<\/p>\n<p>&nbsp;<\/p>\n<hr \/>\n<p><img fetchpriority=\"high\" decoding=\"async\" class=\"aligncenter wp-image-403 size-full\" src=\"http:\/\/n.itotech.it\/wp-content\/uploads\/2019\/04\/desktop-vostro-3470-sff-pdp-1.jpg\" alt=\"\" width=\"965\" height=\"520\" \/><\/p>\n<h2 class=\"h2 cf-margin-bottom-10\">Prestazioni di livello superiore<\/h2>\n<div class=\"cf-f-item-desc\">\n<p><strong>Un concentrato di potenza:<\/strong>\u00a0lavora a tutta velocit\u00e0 e in tutta praticit\u00e0 con i processori Intel\u00ae di ultima generazione e un massimo di 32 GB di RAM ad alta velocit\u00e0, che insieme garantiscono prestazioni affidabili e una straordinaria potenza.<\/p>\n<p><strong>Connessione costante:<\/strong>\u00a0trasmetti rapidamente i dati aziendali importanti sfruttando la tecnologia Wi-Fi integrata o una connessione Gigabit Ethernet.<\/p>\n<p><strong>Maggiore sicurezza:<\/strong>\u00a0l&#8217;hardware TPM 2.0 opzionale fornisce la protezione appropriata per garantire l&#8217;operativit\u00e0 continua dell&#8217;azienda.<\/p>\n<p><strong>Multitasking senza difficolt\u00e0:<\/strong>\u00a0esegui pi\u00f9 applicazioni in modo pi\u00f9 veloce con immagini nitide di alta qualit\u00e0 per tutte le risorse, dalle presentazioni PowerPoint all&#8217;editing dei video, con una scheda grafica opzionale fino a 2 GB.<\/p>\n<p><strong>Grandi quantit\u00e0 di spazio:<\/strong>\u00a0salva e consulta presentazioni, documenti e file multimediali senza problemi di spazio grazie a un disco rigido con capacit\u00e0 fino a 2 TB. Per prestazioni superiori, puoi aggiungere un&#8217;unit\u00e0 a stato solido SATA M.2 fino da 512 GB.<\/p>\n<\/div>\n<div><\/div>\n<div><\/div>\n<div>\n<hr \/>\n<p><img decoding=\"async\" class=\"wp-image-404 size-full alignleft\" src=\"http:\/\/n.itotech.it\/wp-content\/uploads\/2019\/04\/desktop-vostro-3470-sff-pdp-2.jpg\" alt=\"\" width=\"390\" height=\"300\" \/><\/p>\n<\/div>\n<div><\/div>\n<h2>Pensato per essere grande<\/h2>\n<div>\n<p><strong>Progettato per occupare poco spazio sulla scrivania:<\/strong>\u00a0il design compatto in attesa di brevetto permette di risparmiare spazio senza sacrificare funzionalit\u00e0 o prestazioni.<\/p>\n<div class=\"cf-f-item-desc\">\n<p><strong>Fattore vincente:<\/strong>\u00a0l&#8217;esclusivo design a rete sulla parte anteriore del sistema presenta prese di ventilazione aggiuntive, mentre i filtri ultrasottili sono stati creati per migliorare il flusso d&#8217;aria, ridurre la polvere e contribuire al raffreddamento del sistema.<strong>Espansione semplificata:<\/strong>\u00a0servono prestazioni maggiori? Aggiungi slot di espansione al desktop Vostro con fattore di forma ridotto per aggiornarlo ogni volta che serve e stare al passo con la crescita dell&#8217;azienda.<\/p>\n<p><strong>Visualizzazione pi\u00f9 ampia:<\/strong>\u00a0supporto di pi\u00f9 display multipli per una maggiore produttivit\u00e0, grazie alle porte VGA e HDMI.<\/p>\n<\/div>\n<\/div>\n<\/div>\n<div><\/div>\n<div>\n<hr \/>\n<p><img decoding=\"async\" class=\"wp-image-405 size-full aligncenter\" src=\"http:\/\/n.itotech.it\/wp-content\/uploads\/2019\/04\/desktop-vostro-3470-sff-pdp-3-1.png\" alt=\"\" width=\"965\" height=\"500\" \/><\/p>\n<\/div>\n<div class=\"cf-f-item-desc\">\n<div>\n<h2 class=\"h2 cf-margin-bottom-10\">Porte e slot<\/h2>\n<div class=\"cf-f-item-desc\">1. Unit\u00e0 ottica | 2. Pulsante di accensione | 3. Lettore di schede di memoria 5 in 1 | 4. Jack combo audio | 5. 2 porte USB 3.0 | 6. Ingresso\/uscita linea e microfono | 7. Anelli di sicurezza | 8. Connettore VGA | 9. HDMI | 10. 4 porte USB 2.0 | 11. Gigabit Ethernet | 12. Slot per schede di espansione | 13. Unit\u00e0 di alimentazione | 14. Slot per cavo di sicurezza.<\/div>\n<\/div>\n<div><\/div>\n<div>\n<hr \/>\n<p><img loading=\"lazy\" decoding=\"async\" class=\"aligncenter wp-image-406 size-full\" src=\"http:\/\/n.itotech.it\/wp-content\/uploads\/2019\/04\/desktop-vostro-3470-sff-pdp-4.png\" alt=\"\" width=\"965\" height=\"560\" srcset=\"https:\/\/www.itotech.it\/wp-content\/uploads\/2019\/04\/desktop-vostro-3470-sff-pdp-4.png 965w, https:\/\/www.itotech.it\/wp-content\/uploads\/2019\/04\/desktop-vostro-3470-sff-pdp-4-300x174.png 300w, https:\/\/www.itotech.it\/wp-content\/uploads\/2019\/04\/desktop-vostro-3470-sff-pdp-4-768x446.png 768w, https:\/\/www.itotech.it\/wp-content\/uploads\/2019\/04\/desktop-vostro-3470-sff-pdp-4-830x482.png 830w, https:\/\/www.itotech.it\/wp-content\/uploads\/2019\/04\/desktop-vostro-3470-sff-pdp-4-230x133.png 230w, https:\/\/www.itotech.it\/wp-content\/uploads\/2019\/04\/desktop-vostro-3470-sff-pdp-4-350x203.png 350w, https:\/\/www.itotech.it\/wp-content\/uploads\/2019\/04\/desktop-vostro-3470-sff-pdp-4-480x279.png 480w, https:\/\/www.itotech.it\/wp-content\/uploads\/2019\/04\/desktop-vostro-3470-sff-pdp-4-600x348.png 600w\" sizes=\"(max-width: 965px) 100vw, 965px\" \/><\/p>\n<\/div>\n<div>\n<h2 class=\"h2 cf-margin-bottom-10\">Dimensioni e peso<\/h2>\n<div class=\"cf-f-item-desc\">1. Larghezza: 92,6\u00a0mm (3,65&#8243;) | 2. Profondit\u00e0: 293\u00a0mm (11,54&#8243;) | 3. Altezza: 290\u00a0mm (11,42&#8243;) | Peso iniziale: 4,35 kg (9,6 libbre)<a class=\"technote microcontent\" rel=\"technotes:weights-vary\">*<\/a><\/div>\n<\/div>\n<\/div>\n<div><\/div>\n<div><\/div>\n<hr \/>\n<div>\n<h2><\/h2>\n<h2 class=\"h2 cf-margin-bottom-10\">Accessori essenziali per il desktop Vostro con fattore di forma ridotto<\/h2>\n<div class=\"cf-f-item-desc\">Ottimizza le prestazioni del desktop Vostro con fattore di forma ridotto con gli accessori essenziali consigliati da Dell.<\/div>\n<\/div>\n<p>&nbsp;<\/p>\n<hr \/>\n<p><img loading=\"lazy\" decoding=\"async\" class=\"alignnone wp-image-407 size-full\" src=\"http:\/\/n.itotech.it\/wp-content\/uploads\/2019\/04\/desktop-vostro-3470-sff-pdp-5d.png\" alt=\"\" width=\"280\" height=\"150\" srcset=\"https:\/\/www.itotech.it\/wp-content\/uploads\/2019\/04\/desktop-vostro-3470-sff-pdp-5d.png 280w, https:\/\/www.itotech.it\/wp-content\/uploads\/2019\/04\/desktop-vostro-3470-sff-pdp-5d-230x123.png 230w\" sizes=\"(max-width: 280px) 100vw, 280px\" \/><\/p>\n<div>\n<h2 class=\"h2 cf-f-item-title\">Combinazione di tastiera e mouse |<\/h2>\n<h2 class=\"h2 cf-f-item-title\">KM636<\/h2>\n<div class=\"cf-f-item-desc\">Mantieni la tua scrivania ordinata con una combinazione<\/div>\n<div class=\"cf-f-item-desc\">di tastiera e mouse senza fili dal design moderno.<\/div>\n<\/div>\n","protected":false},"excerpt":{"rendered":"<h2>Caratteristiche eccellenti in un sistema perfetto per la scrivania.<\/h2>\n<p>Prestazioni migliorate in un design ultracompatto. Creato per le esigenze specifiche delle piccole imprese con<\/p>\n<p>processori avanzati e una vasta gamma di opzioni.<\/p>\n","protected":false},"featured_media":495,"template":"","meta":[],"product_brand":[],"product_cat":[27],"product_tag":[],"class_list":{"0":"post-402","1":"product","2":"type-product","3":"status-publish","4":"has-post-thumbnail","6":"product_cat-computer","8":"first","9":"instock","10":"shipping-taxable","11":"product-type-simple"},"_links":{"self":[{"href":"https:\/\/www.itotech.it\/index.php\/wp-json\/wp\/v2\/product\/402","targetHints":{"allow":["GET"]}}],"collection":[{"href":"https:\/\/www.itotech.it\/index.php\/wp-json\/wp\/v2\/product"}],"about":[{"href":"https:\/\/www.itotech.it\/index.php\/wp-json\/wp\/v2\/types\/product"}],"version-history":[{"count":1,"href":"https:\/\/www.itotech.it\/index.php\/wp-json\/wp\/v2\/product\/402\/revisions"}],"predecessor-version":[{"id":510,"href":"https:\/\/www.itotech.it\/index.php\/wp-json\/wp\/v2\/product\/402\/revisions\/510"}],"wp:featuredmedia":[{"embeddable":true,"href":"https:\/\/www.itotech.it\/index.php\/wp-json\/wp\/v2\/media\/495"}],"wp:attachment":[{"href":"https:\/\/www.itotech.it\/index.php\/wp-json\/wp\/v2\/media?parent=402"}],"wp:term":[{"taxonomy":"product_brand","embeddable":true,"href":"https:\/\/www.itotech.it\/index.php\/wp-json\/wp\/v2\/product_brand?post=402"},{"taxonomy":"product_cat","embeddable":true,"href":"https:\/\/www.itotech.it\/index.php\/wp-json\/wp\/v2\/product_cat?post=402"},{"taxonomy":"product_tag","embeddable":true,"href":"https:\/\/www.itotech.it\/index.php\/wp-json\/wp\/v2\/product_tag?post=402"}],"curies":[{"name":"wp","href":"https:\/\/api.w.org\/{rel}","templated":true}]}}