{"id":383,"date":"2019-04-23T09:40:41","date_gmt":"2019-04-23T07:40:41","guid":{"rendered":"http:\/\/n.itotech.it\/?post_type=product&#038;p=383"},"modified":"2019-04-23T18:34:06","modified_gmt":"2019-04-23T16:34:06","slug":"samsung-sl-m2070fw","status":"publish","type":"product","link":"https:\/\/www.itotech.it\/index.php\/prodotto\/samsung-sl-m2070fw\/","title":{"rendered":"Samsung SL-M2070FW"},"content":{"rendered":"<div class=\"techs\">\n<div class=\"head\">PROCESSORE<\/div>\n<div class=\"item\"><span class=\"label\">Frequenza del processore <\/span><span class=\"detail\">600 \u00a0 MHz<\/span><\/div>\n<\/div>\n<div class=\"techs\">\n<div class=\"head\">DISPLAY<\/div>\n<div class=\"item\"><span class=\"label\">Display incorporato <\/span><span class=\"detail\">S\u00ec \u00a0 \u00a0<\/span><\/div>\n<div class=\"item\"><span class=\"label\">Righe di testo<\/span><span class=\"detail\">2 \u00a0 lines<\/span><\/div>\n<div class=\"item\"><span class=\"label\">Tipologia display<\/span><span class=\"detail\">LCD \u00a0 \u00a0<\/span><\/div>\n<\/div>\n<div class=\"techs\">\n<div class=\"head\">CONNETTIVIT\u00c0<\/div>\n<div class=\"item\"><span class=\"label\">Interfaccia standard <\/span><span class=\"detail\">Ethernet, USB 2.0, LAN senza fili \u00a0 \u00a0<\/span><\/div>\n<div class=\"item\"><span class=\"label\">Stampa diretta <\/span><span class=\"detail\">No \u00a0 \u00a0<\/span><\/div>\n<div class=\"item\"><span class=\"label\">Porta USB <\/span><span class=\"detail\">S\u00ec \u00a0 \u00a0<\/span><\/div>\n<\/div>\n<div class=\"techs\">\n<div class=\"head\">DIMENSIONI E PESO<\/div>\n<div class=\"item\"><span class=\"label\">Peso <\/span><span class=\"detail\">8550 \u00a0 g<\/span><\/div>\n<\/div>\n<div class=\"techs\">\n<div class=\"head\">VELOCIT\u00c0 DI STAMPA<\/div>\n<div class=\"item\"><span class=\"label\">Velocit\u00e0 di stampa (nero, qualit\u00e0 normale, A4\/US Letter) <\/span><span class=\"detail\">20 \u00a0 ppm<\/span><\/div>\n<div class=\"item\"><span class=\"label\">Risoluzione massima<\/span><span class=\"detail\">1200 x 1200 \u00a0 DPI<\/span><\/div>\n<div class=\"item\"><span class=\"label\">Velocit\u00e0 della prima stampa (modalit\u00e0 bianco e nero) <\/span><span class=\"detail\">8.5 \u00a0 s<\/span><\/div>\n<\/div>\n<div class=\"techs\">\n<div class=\"head\">QUALIT\u00c0 DI STAMPA<\/div>\n<div class=\"item\"><span class=\"label\">Ciclo massimo di funzionamento <\/span><span class=\"detail\">10000 \u00a0 pages per month<\/span><\/div>\n<div class=\"item\"><span class=\"label\">Tecnologia di stampa <\/span><span class=\"detail\">Laser \u00a0<\/span><\/div>\n<div class=\"item\"><span class=\"label\">Scansione <\/span><span class=\"detail\">Scansione a colori \u00a0<\/span><\/div>\n<div class=\"item\"><span class=\"label\">Fax<\/span><span class=\"detail\">Mono fax \u00a0<\/span><\/div>\n<div class=\"item\"><span class=\"label\">Funzione duplex <\/span><span class=\"detail\">Non supportato \u00a0<\/span><\/div>\n<div class=\"item\"><span class=\"label\">Copia <\/span><span class=\"detail\">Mono copia \u00a0<\/span><\/div>\n<div class=\"item\"><span class=\"label\">Stampa <\/span><span class=\"detail\">Mono stampa \u00a0<\/span><\/div>\n<div class=\"item\"><span class=\"label\">Risoluzione massima <\/span><span class=\"detail\">1200 x 1200 \u00a0 DPI<\/span><\/div>\n<div>\n<p><b>Una stampante che rende il tuo smartphone ancora pi\u00f9 smart<\/b><br \/>\nStampa tramite wireless e condividi facilmente con la stampante multifunzione Xpress M2070FW Samsung. Tutto quello che ti serve \u00e8 un tocco grazie alle tecnologie NFC, Wi-Fi Direct, Google Cloud Print e alla compatibilit\u00e0 eccezionale.<\/p>\n<p><b>Manda in stampa con un tocco!<\/b><br \/>\nBasta semplicemente avvicinare il tuo dispositivo mobile alla Xpress M2070FW Samsung per stampare praticamente qualsiasi cosa.<\/p>\n<p><b>Scansione<\/b><br \/>\nEffettua la scansione delle immagini e inviale direttamente al tuo dispositivo mobile.<\/p>\n<p><b>Fax<\/b><br \/>\nCondividi il contenuto sul tuo dispositivo mobile istantaneamente tramite fax.<\/p>\n<p><b>Stampa tramite wireless e condividi quando vuoi<\/b><br \/>\nStampa mobile ultrafacile con compatibilit\u00e0 eccezionale, ottimizzata per qualsiasi tipo di attivit\u00e0.<\/p>\n<p><b>Stampa mediante Google Cloud ovunque ti trovi<\/b><br \/>\nLa stampa mediante Google Cloud funziona su smartphone, tablet, Google Chromebook, PC \/ portatili e altri dispositivi con funzionalit\u00e0 Web.<\/p>\n<p><b>Multifunzione 4-in-1<\/b><br \/>\nCon la versatilit\u00e0 4 in 1, la stampante multifunzione M2070FW Samsung rende il flusso di lavoro impeccabile e garantisce che le operazioni di stampa dell\u2019ufficio siano pi\u00f9 efficienti che mai. Grazie alle funzionalit\u00e0 di stampa, copia, scansione e fax, la M2070FW offre una flessibilit\u00e0 senza limiti. Una serie di funzionalit\u00e0 innovative, come ID Copy, N-up Copy, Scan-to-email fanno s\u00ec che la tu disponga della versatilit\u00e0 di cui hai bisogno per destreggiarti nel frenetico mondo del lavoro.<\/p>\n<p><b>Semplice da usare<\/b><br \/>\nProgettata per un funzionamento semplice e intuitivo, la M2070FW ti permette di risparmiare tempo e fatica.<\/p>\n<p><b>Pulsante Eco one touch<\/b><br \/>\nBasta un semplice tocco del pulsante ECO per risparmiare subito toner, carta ed energia. Stampa pi\u00f9 di una pagina su un solo foglio, passa dalla stampa a colori a quella su scala di grigi o salta le pagine vuote.<\/p>\n<p><b>Pulsante WPS one touch<\/b><br \/>\nConnettiti velocemente e in sicurezza alla tua rete wireless con un semplice tocco, tramite il WPS one-touch (Wi-Fi Protected Setup).<\/p>\n<p><b>Elevata velocit\u00e0 di stampa<\/b><br \/>\nUna stampante pi\u00f9 veloce ti consente di lavorare pi\u00f9 velocemente. Dotata di un processore da 600 MHz e una memoria da 128 MB per stampare 20 pagine al minuto.<\/p>\n<p><b>Testi brillanti e qualit\u00e0 delle immagini eccezionali per i tuoi documenti<\/b><br \/>\nLa M2070FW stampa e scansiona il testo e le immagini con una qualit\u00e0 sbalorditiva. I suoi 1200 x 600 dpi possono essere potenziati fino a ben 4800 x 600 dpi variando dimensioni e posizione dei punti. Questo vuol dire che puoi stampare pi\u00f9 dettagli e ottenere immagini pi\u00f9 omogenee e nitide.<\/p>\n<p><b>Assicurati delle stampe di qualit\u00e0<\/b><br \/>\nL&#8217;esclusiva tecnologia ReCP (Rendering Engine for Clean Page) Samsung migliora complessivamente la qualit\u00e0.<\/p>\n<p><b>Driver Easy Eco<\/b><br \/>\nRisparmia fino al 20% del toner con il driver Easy Eco di Samsung. Questo utilissimo software riduce anche il consumo energetico e lo spreco di carta dando agli utenti la possibilit\u00e0 di rimuovere testi e immagini non necessari e convertendo i contenuti da bitmap a schizzo. Il driver Easy Eco ha ricevuto il 2012 Outstanding Achievement in Innovation Award da Buyers Laboratory (BLI).<\/p>\n<p><b>Supporto Easy Solution<\/b><br \/>\nLa stampante offre anche un supporto software progettato per garantirti la massima qualit\u00e0 in modo pi\u00f9 semplice che mai.<\/p>\n<p><b>Easy Printer Manager<\/b><br \/>\nControlla da remoto le impostazioni della stampante e monitorane lo stato in modo facile con Easy Printer Manager.<\/p>\n<p><b>Easy Document Creator<\/b><br \/>\nEasy Document Creator ti aiuta a creare documenti digitali in tantissimi formati e ti consente di condividerli facilmente con gli altri tramite e-mail, fax o social network.<\/p>\n<p><b>Design ergonomico<\/b><br \/>\nQuesta stampante non crea alcun problema di spazio. Il suo design compatto e distintivo fa di questo dispositivo il collaboratore ideale.<\/p>\n<p><b>Impronta di dimensioni ridotte<\/b><br \/>\nCon un&#8217;impronta di soli 40,6 x 35,9 cm \u00e8 la stampante laser pi\u00f9 piccola che c&#8217;\u00e8 ed \u00e8 Samsung.<\/p>\n<p><b>Design ergonomico<\/b><br \/>\nIl suo design ergonomico e i colori ebano e ghiaccio creano ambienti di lavoro moderni ed eleganti.<\/p>\n<p>&#8211; Elevata velocit\u00e0 di stampa<br \/>\n&#8211; Testi brillanti e qualit\u00e0 delle immagini eccezionali per i tuoi documenti<br \/>\n&#8211; Driver Easy Eco<\/p>\n<\/div>\n<\/div>\n","protected":false},"excerpt":{"rendered":"<p>Stampa tramite wireless e condividi facilmente con la stampante multifunzione Xpress M2070FW Samsung. Tutto quello che ti serve \u00e8 un tocco grazie alle tecnologie NFC, Wi-Fi Direct, Google Cloud Print e alla compatibilit\u00e0 eccezionale.<\/p>\n","protected":false},"featured_media":533,"template":"","meta":[],"product_brand":[],"product_cat":[24],"product_tag":[],"class_list":{"0":"post-383","1":"product","2":"type-product","3":"status-publish","4":"has-post-thumbnail","6":"product_cat-stampanti","8":"first","9":"instock","10":"shipping-taxable","11":"product-type-simple"},"_links":{"self":[{"href":"https:\/\/www.itotech.it\/index.php\/wp-json\/wp\/v2\/product\/383","targetHints":{"allow":["GET"]}}],"collection":[{"href":"https:\/\/www.itotech.it\/index.php\/wp-json\/wp\/v2\/product"}],"about":[{"href":"https:\/\/www.itotech.it\/index.php\/wp-json\/wp\/v2\/types\/product"}],"version-history":[{"count":1,"href":"https:\/\/www.itotech.it\/index.php\/wp-json\/wp\/v2\/product\/383\/revisions"}],"predecessor-version":[{"id":541,"href":"https:\/\/www.itotech.it\/index.php\/wp-json\/wp\/v2\/product\/383\/revisions\/541"}],"wp:featuredmedia":[{"embeddable":true,"href":"https:\/\/www.itotech.it\/index.php\/wp-json\/wp\/v2\/media\/533"}],"wp:attachment":[{"href":"https:\/\/www.itotech.it\/index.php\/wp-json\/wp\/v2\/media?parent=383"}],"wp:term":[{"taxonomy":"product_brand","embeddable":true,"href":"https:\/\/www.itotech.it\/index.php\/wp-json\/wp\/v2\/product_brand?post=383"},{"taxonomy":"product_cat","embeddable":true,"href":"https:\/\/www.itotech.it\/index.php\/wp-json\/wp\/v2\/product_cat?post=383"},{"taxonomy":"product_tag","embeddable":true,"href":"https:\/\/www.itotech.it\/index.php\/wp-json\/wp\/v2\/product_tag?post=383"}],"curies":[{"name":"wp","href":"https:\/\/api.w.org\/{rel}","templated":true}]}}