{"id":1371,"date":"2024-02-29T17:25:43","date_gmt":"2024-02-29T16:25:43","guid":{"rendered":"https:\/\/www.itotech.it\/?post_type=product&#038;p=1371"},"modified":"2025-04-22T11:07:17","modified_gmt":"2025-04-22T09:07:17","slug":"electronic-shelf-label","status":"publish","type":"product","link":"https:\/\/www.itotech.it\/index.php\/prodotto\/electronic-shelf-label","title":{"rendered":"Electronic Shelf Label"},"content":{"rendered":"<p>L&#8217;etichetta elettronica sullo scaffale (ESL) si aggiorner\u00e0 automaticamente e regolarmente per mostrare i contenuti promozionali, soddisfacendo le esigenze delle attivit\u00e0 di marketing giornaliere, in particolare in caso di frequenti cambiamenti di prezzo. Quando la quantit\u00e0 di prodotti sullo scaffale \u00e8 inferiore alla quantit\u00e0 impostata, le luci LED sull&#8217;etichetta elettronica dello scaffale lampeggeranno per informare il personale. Il LED sull&#8217;ESL lampegger\u00e0 anche per fornire al personale la posizione del prodotto e un percorso di prelievo del prodotto.<\/p>\n<p><img fetchpriority=\"high\" decoding=\"async\" class=\"alignnone size-medium wp-image-1404\" src=\"https:\/\/www.itotech.it\/wp-content\/uploads\/2024\/02\/index_info_img1-1-300x205.png\" alt=\"\" width=\"300\" height=\"205\" srcset=\"https:\/\/www.itotech.it\/wp-content\/uploads\/2024\/02\/index_info_img1-1-300x205.png 300w, https:\/\/www.itotech.it\/wp-content\/uploads\/2024\/02\/index_info_img1-1-230x157.png 230w, https:\/\/www.itotech.it\/wp-content\/uploads\/2024\/02\/index_info_img1-1-350x239.png 350w, https:\/\/www.itotech.it\/wp-content\/uploads\/2024\/02\/index_info_img1-1-480x328.png 480w, https:\/\/www.itotech.it\/wp-content\/uploads\/2024\/02\/index_info_img1-1-600x410.png 600w, https:\/\/www.itotech.it\/wp-content\/uploads\/2024\/02\/index_info_img1-1.png 731w\" sizes=\"(max-width: 300px) 100vw, 300px\" \/><\/p>\n","protected":false},"excerpt":{"rendered":"<p>Soluzione digitale per la gestione dinamica dei prezzi a scaffale. Le etichette elettroniche ESL aggiornano automaticamente i prezzi e le informazioni prodotto, riducendo errori manuali e tempi di intervento. Perfette per supermercati, farmacie e negozi retail, migliorano l\u2019efficienza e offrono un&#8217;esperienza d&#8217;acquisto moderna e precisa.<\/p>\n","protected":false},"featured_media":1373,"template":"","meta":[],"product_brand":[],"product_cat":[27],"product_tag":[],"class_list":{"0":"post-1371","1":"product","2":"type-product","3":"status-publish","4":"has-post-thumbnail","6":"product_cat-computer","8":"first","9":"instock","10":"shipping-taxable","11":"product-type-simple"},"_links":{"self":[{"href":"https:\/\/www.itotech.it\/index.php\/wp-json\/wp\/v2\/product\/1371","targetHints":{"allow":["GET"]}}],"collection":[{"href":"https:\/\/www.itotech.it\/index.php\/wp-json\/wp\/v2\/product"}],"about":[{"href":"https:\/\/www.itotech.it\/index.php\/wp-json\/wp\/v2\/types\/product"}],"version-history":[{"count":6,"href":"https:\/\/www.itotech.it\/index.php\/wp-json\/wp\/v2\/product\/1371\/revisions"}],"predecessor-version":[{"id":1594,"href":"https:\/\/www.itotech.it\/index.php\/wp-json\/wp\/v2\/product\/1371\/revisions\/1594"}],"wp:featuredmedia":[{"embeddable":true,"href":"https:\/\/www.itotech.it\/index.php\/wp-json\/wp\/v2\/media\/1373"}],"wp:attachment":[{"href":"https:\/\/www.itotech.it\/index.php\/wp-json\/wp\/v2\/media?parent=1371"}],"wp:term":[{"taxonomy":"product_brand","embeddable":true,"href":"https:\/\/www.itotech.it\/index.php\/wp-json\/wp\/v2\/product_brand?post=1371"},{"taxonomy":"product_cat","embeddable":true,"href":"https:\/\/www.itotech.it\/index.php\/wp-json\/wp\/v2\/product_cat?post=1371"},{"taxonomy":"product_tag","embeddable":true,"href":"https:\/\/www.itotech.it\/index.php\/wp-json\/wp\/v2\/product_tag?post=1371"}],"curies":[{"name":"wp","href":"https:\/\/api.w.org\/{rel}","templated":true}]}}