{"id":1336,"date":"2022-12-19T10:01:17","date_gmt":"2022-12-19T09:01:17","guid":{"rendered":"https:\/\/www.itotech.it\/?post_type=product&#038;p=1336"},"modified":"2025-04-22T11:09:37","modified_gmt":"2025-04-22T09:09:37","slug":"stampante-portatile-zq510","status":"publish","type":"product","link":"https:\/\/www.itotech.it\/index.php\/prodotto\/stampante-portatile-zq510\/","title":{"rendered":"Stampante portatile ZQ510"},"content":{"rendered":"<p>Zebra ZQ511 &#8211; Stampante portatile termica diretta di etichette, 8 punti\/mm (203dpi), Larghezza rotolo (max): 80mm, Larghezza di stampa (max): 72mm, Diametro rotoli (max): 51mm, Velocit\u00e0 (max): 127mm\/sec; USB, Bluetooth, ZPL, CPCL, RAM: 8MB, Flash: 64MB. Include: Batteria.<\/p>\n<p><img fetchpriority=\"high\" decoding=\"async\" class=\"alignnone size-medium wp-image-1338\" src=\"https:\/\/www.itotech.it\/wp-content\/uploads\/2022\/12\/ZQ511-203dpi-Larghezza-stampabile-72mm-USB-Bluetooth-ZPL-CPCL-1-Copia-300x300.webp\" alt=\"\" width=\"300\" height=\"300\" srcset=\"https:\/\/www.itotech.it\/wp-content\/uploads\/2022\/12\/ZQ511-203dpi-Larghezza-stampabile-72mm-USB-Bluetooth-ZPL-CPCL-1-Copia-300x300.webp 300w, https:\/\/www.itotech.it\/wp-content\/uploads\/2022\/12\/ZQ511-203dpi-Larghezza-stampabile-72mm-USB-Bluetooth-ZPL-CPCL-1-Copia-420x420.webp 420w, https:\/\/www.itotech.it\/wp-content\/uploads\/2022\/12\/ZQ511-203dpi-Larghezza-stampabile-72mm-USB-Bluetooth-ZPL-CPCL-1-Copia-100x100.webp 100w, https:\/\/www.itotech.it\/wp-content\/uploads\/2022\/12\/ZQ511-203dpi-Larghezza-stampabile-72mm-USB-Bluetooth-ZPL-CPCL-1-Copia-150x150.webp 150w, https:\/\/www.itotech.it\/wp-content\/uploads\/2022\/12\/ZQ511-203dpi-Larghezza-stampabile-72mm-USB-Bluetooth-ZPL-CPCL-1-Copia-768x768.webp 768w, https:\/\/www.itotech.it\/wp-content\/uploads\/2022\/12\/ZQ511-203dpi-Larghezza-stampabile-72mm-USB-Bluetooth-ZPL-CPCL-1-Copia-230x230.webp 230w, https:\/\/www.itotech.it\/wp-content\/uploads\/2022\/12\/ZQ511-203dpi-Larghezza-stampabile-72mm-USB-Bluetooth-ZPL-CPCL-1-Copia-350x350.webp 350w, https:\/\/www.itotech.it\/wp-content\/uploads\/2022\/12\/ZQ511-203dpi-Larghezza-stampabile-72mm-USB-Bluetooth-ZPL-CPCL-1-Copia-480x480.webp 480w, https:\/\/www.itotech.it\/wp-content\/uploads\/2022\/12\/ZQ511-203dpi-Larghezza-stampabile-72mm-USB-Bluetooth-ZPL-CPCL-1-Copia-600x600.webp 600w, https:\/\/www.itotech.it\/wp-content\/uploads\/2022\/12\/ZQ511-203dpi-Larghezza-stampabile-72mm-USB-Bluetooth-ZPL-CPCL-1-Copia.webp 800w\" sizes=\"(max-width: 300px) 100vw, 300px\" \/> <img decoding=\"async\" class=\"alignnone size-full wp-image-1339\" src=\"https:\/\/www.itotech.it\/wp-content\/uploads\/2022\/12\/ZQ511-203dpi-Larghezza-stampabile-72mm-USB-Bluetooth-ZPL-CPCL-2-Copia.webp\" alt=\"\" width=\"259\" height=\"259\" srcset=\"https:\/\/www.itotech.it\/wp-content\/uploads\/2022\/12\/ZQ511-203dpi-Larghezza-stampabile-72mm-USB-Bluetooth-ZPL-CPCL-2-Copia.webp 259w, https:\/\/www.itotech.it\/wp-content\/uploads\/2022\/12\/ZQ511-203dpi-Larghezza-stampabile-72mm-USB-Bluetooth-ZPL-CPCL-2-Copia-100x100.webp 100w, https:\/\/www.itotech.it\/wp-content\/uploads\/2022\/12\/ZQ511-203dpi-Larghezza-stampabile-72mm-USB-Bluetooth-ZPL-CPCL-2-Copia-150x150.webp 150w, https:\/\/www.itotech.it\/wp-content\/uploads\/2022\/12\/ZQ511-203dpi-Larghezza-stampabile-72mm-USB-Bluetooth-ZPL-CPCL-2-Copia-230x230.webp 230w\" sizes=\"(max-width: 259px) 100vw, 259px\" \/> <img decoding=\"async\" class=\"alignnone size-full wp-image-1340\" src=\"https:\/\/www.itotech.it\/wp-content\/uploads\/2022\/12\/ZQ511-203dpi-Larghezza-stampabile-72mm-USB-Bluetooth-ZPL-CPCL-3-Copia.webp\" alt=\"\" width=\"259\" height=\"259\" srcset=\"https:\/\/www.itotech.it\/wp-content\/uploads\/2022\/12\/ZQ511-203dpi-Larghezza-stampabile-72mm-USB-Bluetooth-ZPL-CPCL-3-Copia.webp 259w, https:\/\/www.itotech.it\/wp-content\/uploads\/2022\/12\/ZQ511-203dpi-Larghezza-stampabile-72mm-USB-Bluetooth-ZPL-CPCL-3-Copia-100x100.webp 100w, https:\/\/www.itotech.it\/wp-content\/uploads\/2022\/12\/ZQ511-203dpi-Larghezza-stampabile-72mm-USB-Bluetooth-ZPL-CPCL-3-Copia-150x150.webp 150w, https:\/\/www.itotech.it\/wp-content\/uploads\/2022\/12\/ZQ511-203dpi-Larghezza-stampabile-72mm-USB-Bluetooth-ZPL-CPCL-3-Copia-230x230.webp 230w\" sizes=\"(max-width: 259px) 100vw, 259px\" \/><\/p>\n","protected":false},"excerpt":{"rendered":"<p>Compatta, leggera e facile da usare, questa stampante portatile \u00e8 la soluzione ideale per stampare etichette ovunque ti servano. Utilizza tecnologia termica diretta, senza bisogno di inchiostro o toner, ed \u00e8 perfetta per logistica, magazzino, retail e applicazioni sul campo. Connettivit\u00e0 wireless e lunga autonomia per la massima efficienza in mobilit\u00e0.<\/p>\n","protected":false},"featured_media":1337,"template":"","meta":[],"product_brand":[],"product_cat":[24],"product_tag":[],"class_list":{"0":"post-1336","1":"product","2":"type-product","3":"status-publish","4":"has-post-thumbnail","6":"product_cat-stampanti","8":"first","9":"instock","10":"shipping-taxable","11":"product-type-simple"},"_links":{"self":[{"href":"https:\/\/www.itotech.it\/index.php\/wp-json\/wp\/v2\/product\/1336","targetHints":{"allow":["GET"]}}],"collection":[{"href":"https:\/\/www.itotech.it\/index.php\/wp-json\/wp\/v2\/product"}],"about":[{"href":"https:\/\/www.itotech.it\/index.php\/wp-json\/wp\/v2\/types\/product"}],"version-history":[{"count":2,"href":"https:\/\/www.itotech.it\/index.php\/wp-json\/wp\/v2\/product\/1336\/revisions"}],"predecessor-version":[{"id":1596,"href":"https:\/\/www.itotech.it\/index.php\/wp-json\/wp\/v2\/product\/1336\/revisions\/1596"}],"wp:featuredmedia":[{"embeddable":true,"href":"https:\/\/www.itotech.it\/index.php\/wp-json\/wp\/v2\/media\/1337"}],"wp:attachment":[{"href":"https:\/\/www.itotech.it\/index.php\/wp-json\/wp\/v2\/media?parent=1336"}],"wp:term":[{"taxonomy":"product_brand","embeddable":true,"href":"https:\/\/www.itotech.it\/index.php\/wp-json\/wp\/v2\/product_brand?post=1336"},{"taxonomy":"product_cat","embeddable":true,"href":"https:\/\/www.itotech.it\/index.php\/wp-json\/wp\/v2\/product_cat?post=1336"},{"taxonomy":"product_tag","embeddable":true,"href":"https:\/\/www.itotech.it\/index.php\/wp-json\/wp\/v2\/product_tag?post=1336"}],"curies":[{"name":"wp","href":"https:\/\/api.w.org\/{rel}","templated":true}]}}