{"id":1332,"date":"2022-12-19T09:53:32","date_gmt":"2022-12-19T08:53:32","guid":{"rendered":"https:\/\/www.itotech.it\/?post_type=product&#038;p=1332"},"modified":"2025-04-22T11:12:53","modified_gmt":"2025-04-22T09:12:53","slug":"1332","status":"publish","type":"product","link":"https:\/\/www.itotech.it\/index.php\/prodotto\/1332\/","title":{"rendered":"Zebra ZQ220 &#8211; Stampante Portatile di Etichette e Ricevute"},"content":{"rendered":"<p>Siete alla ricerca di una stampante portatile dal prezzo competitivo, ma non intendete rinunciare alle funzionalit\u00e0. Vi presentiamo la serie ZQ200, un prodotto dall&#8217;equilibrio perfetto tra costo, qualit\u00e0, versatilit\u00e0, robustezza, \u201cindossabilit\u00e0\u201d e facilit\u00e0 di utilizzo. In termini di versatilit\u00e0, questa stampante eclissa letteralmente la concorrenza, in quanto permette di stampare su supporti di vari tipi e larghezze, per soddisfare qualsiasi esigenza di stampa, oggi e in futuro. Dispone di tutte le opzioni di connettivit\u00e0 che servono per associare immediatamente un dispositivo mobile host, mentre l&#8217;opzione di ricarica USB consente di mantenere la serie ZQ200 sempre carica a casa, in auto, a bordo della vostra bicicletta elettrica o in ufficio \u2013 senza necessit\u00e0 di costosi adattatori. Il design compatto e sottile rende il dispositivo facile da portare con s\u00e9 ogni giorno. Per quel che riguarda la facilit\u00e0 d&#8217;uso, grazie al display integrato, alla batteria rimovibile, all&#8217;operativit\u00e0 con una sola mano e tanto altro ancora, non \u00e8 seconda a nessuna. Di grande robustezza, pu\u00f2 essere utilizzata all&#8217;interno e all&#8217;esterno, in condizioni di caldo, freddo, pioggia e neve.<\/p>\n","protected":false},"excerpt":{"rendered":"<p>La Zebra ZQ220 \u00e8 una stampante termica portatile versatile e resistente, ideale per la stampa di etichette e ricevute on-the-go. Leggera, compatta e dotata di connettivit\u00e0 Bluetooth, offre un eccellente equilibrio tra prestazioni, qualit\u00e0 di stampa e convenienza. Perfetta per applicazioni in retail, logistica, trasporti e assistenza sul campo.<\/p>\n","protected":false},"featured_media":1333,"template":"","meta":[],"product_brand":[],"product_cat":[24],"product_tag":[],"class_list":{"0":"post-1332","1":"product","2":"type-product","3":"status-publish","4":"has-post-thumbnail","6":"product_cat-stampanti","8":"first","9":"instock","10":"shipping-taxable","11":"product-type-simple"},"_links":{"self":[{"href":"https:\/\/www.itotech.it\/index.php\/wp-json\/wp\/v2\/product\/1332","targetHints":{"allow":["GET"]}}],"collection":[{"href":"https:\/\/www.itotech.it\/index.php\/wp-json\/wp\/v2\/product"}],"about":[{"href":"https:\/\/www.itotech.it\/index.php\/wp-json\/wp\/v2\/types\/product"}],"version-history":[{"count":3,"href":"https:\/\/www.itotech.it\/index.php\/wp-json\/wp\/v2\/product\/1332\/revisions"}],"predecessor-version":[{"id":1597,"href":"https:\/\/www.itotech.it\/index.php\/wp-json\/wp\/v2\/product\/1332\/revisions\/1597"}],"wp:featuredmedia":[{"embeddable":true,"href":"https:\/\/www.itotech.it\/index.php\/wp-json\/wp\/v2\/media\/1333"}],"wp:attachment":[{"href":"https:\/\/www.itotech.it\/index.php\/wp-json\/wp\/v2\/media?parent=1332"}],"wp:term":[{"taxonomy":"product_brand","embeddable":true,"href":"https:\/\/www.itotech.it\/index.php\/wp-json\/wp\/v2\/product_brand?post=1332"},{"taxonomy":"product_cat","embeddable":true,"href":"https:\/\/www.itotech.it\/index.php\/wp-json\/wp\/v2\/product_cat?post=1332"},{"taxonomy":"product_tag","embeddable":true,"href":"https:\/\/www.itotech.it\/index.php\/wp-json\/wp\/v2\/product_tag?post=1332"}],"curies":[{"name":"wp","href":"https:\/\/api.w.org\/{rel}","templated":true}]}}