{"id":1320,"date":"2022-12-17T19:37:06","date_gmt":"2022-12-17T18:37:06","guid":{"rendered":"https:\/\/www.itotech.it\/?post_type=product&#038;p=1320"},"modified":"2025-04-22T11:15:10","modified_gmt":"2025-04-22T09:15:10","slug":"sunmi-v2s","status":"publish","type":"product","link":"https:\/\/www.itotech.it\/index.php\/prodotto\/sunmi-v2s","title":{"rendered":"Sunmi v2s"},"content":{"rendered":"<p>\u200b<span class=\"relative -mx-px my-[-0.2rem] rounded px-px py-[0.2rem] transition-colors duration-100 ease-in-out\">Il <strong data-start=\"3\" data-end=\"16\">Sunmi V2s<\/strong> \u00e8 un terminale portatile Android all-in-one progettato per semplificare le operazioni nei settori retail, logistica e ristorazione.<\/span> <span class=\"relative -mx-px my-[-0.2rem] rounded px-px py-[0.2rem] transition-colors duration-100 ease-in-out\">Dotato di un display HD+ da 5,5&#8243;, integra una stampante termica da 58 mm per ricevute ed etichette, un lettore di codici a barre 1D\/2D e connettivit\u00e0 completa (Wi-Fi dual band, Bluetooth, 4G, GPS e NFC).<\/span> <span class=\"relative -mx-px my-[-0.2rem] rounded px-px py-[0.2rem] transition-colors duration-100 ease-in-out\">Grazie al processore quad-core da 2.0 GHz e alla batteria rimovibile da 3500 mAh, offre prestazioni elevate e autonomia per l&#8217;intera giornata.<\/span> <span class=\"relative -mx-px my-[-0.2rem] rounded px-px py-[0.2rem] transition-colors duration-100 ease-in-out\">Robusto e versatile, \u00e8 ideale per gestire ordini, inventari, pagamenti e fidelizzazione clienti in mobilit\u00e0.<\/span>\u200b<\/p>\n<p><img fetchpriority=\"high\" decoding=\"async\" class=\"alignnone size-medium wp-image-1328\" src=\"https:\/\/www.itotech.it\/wp-content\/uploads\/2022\/12\/Snipaste_2022-12-17_19-49-57-300x177.png\" alt=\"\" width=\"300\" height=\"177\" srcset=\"https:\/\/www.itotech.it\/wp-content\/uploads\/2022\/12\/Snipaste_2022-12-17_19-49-57-300x177.png 300w, https:\/\/www.itotech.it\/wp-content\/uploads\/2022\/12\/Snipaste_2022-12-17_19-49-57-800x471.png 800w, https:\/\/www.itotech.it\/wp-content\/uploads\/2022\/12\/Snipaste_2022-12-17_19-49-57-1024x603.png 1024w, https:\/\/www.itotech.it\/wp-content\/uploads\/2022\/12\/Snipaste_2022-12-17_19-49-57-768x452.png 768w, https:\/\/www.itotech.it\/wp-content\/uploads\/2022\/12\/Snipaste_2022-12-17_19-49-57-1536x905.png 1536w, https:\/\/www.itotech.it\/wp-content\/uploads\/2022\/12\/Snipaste_2022-12-17_19-49-57-830x489.png 830w, https:\/\/www.itotech.it\/wp-content\/uploads\/2022\/12\/Snipaste_2022-12-17_19-49-57-230x135.png 230w, https:\/\/www.itotech.it\/wp-content\/uploads\/2022\/12\/Snipaste_2022-12-17_19-49-57-350x206.png 350w, https:\/\/www.itotech.it\/wp-content\/uploads\/2022\/12\/Snipaste_2022-12-17_19-49-57-480x283.png 480w, https:\/\/www.itotech.it\/wp-content\/uploads\/2022\/12\/Snipaste_2022-12-17_19-49-57.png 1672w\" sizes=\"(max-width: 300px) 100vw, 300px\" \/><\/p>\n<div style=\"width: 368px;\" class=\"wp-video\"><!--[if lt IE 9]><script>document.createElement('video');<\/script><![endif]-->\n<video class=\"wp-video-shortcode\" id=\"video-1320-1\" width=\"368\" height=\"640\" preload=\"metadata\" controls=\"controls\"><source type=\"video\/mp4\" src=\"https:\/\/www.itotech.it\/wp-content\/uploads\/2022\/12\/92998c651a227040fe0c37f4f7b8516b.mp4?_=1\" \/><a href=\"https:\/\/www.itotech.it\/wp-content\/uploads\/2022\/12\/92998c651a227040fe0c37f4f7b8516b.mp4\">https:\/\/www.itotech.it\/wp-content\/uploads\/2022\/12\/92998c651a227040fe0c37f4f7b8516b.mp4<\/a><\/video><\/div>\n<p>&nbsp;<\/p>\n","protected":false},"excerpt":{"rendered":"<p>Gestione delle code, ordinazioni, ricezione ordini online, checkout o gestione dei programmi fedelt\u00e0: V2s \u00e8 il dispositivo che pu\u00f2 supportarli tutti. La batteria ad alta capacit\u00e0 garantisce un funzionamento continuo per un intero turno, consentendo di svolgere il lavoro in modo efficiente.<\/p>\n","protected":false},"featured_media":1321,"template":"","meta":[],"product_brand":[],"product_cat":[27,24],"product_tag":[],"class_list":{"0":"post-1320","1":"product","2":"type-product","3":"status-publish","4":"has-post-thumbnail","6":"product_cat-computer","7":"product_cat-stampanti","9":"first","10":"instock","11":"shipping-taxable","12":"product-type-simple"},"_links":{"self":[{"href":"https:\/\/www.itotech.it\/index.php\/wp-json\/wp\/v2\/product\/1320","targetHints":{"allow":["GET"]}}],"collection":[{"href":"https:\/\/www.itotech.it\/index.php\/wp-json\/wp\/v2\/product"}],"about":[{"href":"https:\/\/www.itotech.it\/index.php\/wp-json\/wp\/v2\/types\/product"}],"version-history":[{"count":8,"href":"https:\/\/www.itotech.it\/index.php\/wp-json\/wp\/v2\/product\/1320\/revisions"}],"predecessor-version":[{"id":1598,"href":"https:\/\/www.itotech.it\/index.php\/wp-json\/wp\/v2\/product\/1320\/revisions\/1598"}],"wp:featuredmedia":[{"embeddable":true,"href":"https:\/\/www.itotech.it\/index.php\/wp-json\/wp\/v2\/media\/1321"}],"wp:attachment":[{"href":"https:\/\/www.itotech.it\/index.php\/wp-json\/wp\/v2\/media?parent=1320"}],"wp:term":[{"taxonomy":"product_brand","embeddable":true,"href":"https:\/\/www.itotech.it\/index.php\/wp-json\/wp\/v2\/product_brand?post=1320"},{"taxonomy":"product_cat","embeddable":true,"href":"https:\/\/www.itotech.it\/index.php\/wp-json\/wp\/v2\/product_cat?post=1320"},{"taxonomy":"product_tag","embeddable":true,"href":"https:\/\/www.itotech.it\/index.php\/wp-json\/wp\/v2\/product_tag?post=1320"}],"curies":[{"name":"wp","href":"https:\/\/api.w.org\/{rel}","templated":true}]}}